{"id":20,"date":"2025-12-17T09:43:42","date_gmt":"2025-12-17T08:43:42","guid":{"rendered":"https:\/\/zonemobilectro.com\/about-us\/"},"modified":"2025-12-18T11:24:25","modified_gmt":"2025-12-18T10:24:25","slug":"about-us","status":"publish","type":"page","link":"https:\/\/zonemobilectro.com\/?page_id=20","title":{"rendered":"About Us"},"content":{"rendered":"\t\t<div data-elementor-type=\"wp-page\" data-elementor-id=\"20\" class=\"elementor elementor-20\">\n\t\t\t\t<div class=\"elementor-element elementor-element-4581be5 e-flex e-con-boxed e-con e-parent\" data-id=\"4581be5\" data-element_type=\"container\" data-settings=\"{&quot;background_background&quot;:&quot;classic&quot;}\">\n\t\t\t\t\t<div class=\"e-con-inner\">\n\t\t<div class=\"elementor-element elementor-element-0ec46fe e-flex e-con-boxed e-con e-child\" data-id=\"0ec46fe\" data-element_type=\"container\">\n\t\t\t\t\t<div class=\"e-con-inner\">\n\t\t<div class=\"elementor-element elementor-element-4edf657 e-flex e-con-boxed e-con e-child\" data-id=\"4edf657\" data-element_type=\"container\">\n\t\t\t\t\t<div class=\"e-con-inner\">\n\t\t<div class=\"elementor-element elementor-element-f04ace8 e-con-full e-flex e-con e-child\" data-id=\"f04ace8\" data-element_type=\"container\" data-settings=\"{&quot;background_background&quot;:&quot;classic&quot;}\">\n\t\t\t\t<\/div>\n\t\t\t\t\t<\/div>\n\t\t\t\t<\/div>\n\t\t\t\t\t<\/div>\n\t\t\t\t<\/div>\n\t\t\t\t\t<\/div>\n\t\t\t\t<\/div>\n\t\t<div class=\"elementor-element elementor-element-a214802 e-flex e-con-boxed e-con e-parent\" data-id=\"a214802\" data-element_type=\"container\" data-settings=\"{&quot;background_background&quot;:&quot;classic&quot;}\">\n\t\t\t\t\t<div class=\"e-con-inner\">\n\t\t<div class=\"elementor-element elementor-element-7ed8412 e-con-full e-flex e-con e-child\" data-id=\"7ed8412\" data-element_type=\"container\">\n\t\t\t\t<div class=\"elementor-element elementor-element-f211e65 elementor-widget elementor-widget-heading\" data-id=\"f211e65\" data-element_type=\"widget\" data-widget_type=\"heading.default\">\n\t\t\t\t<div class=\"elementor-widget-container\">\n\t\t\t\t\t<h2 class=\"elementor-heading-title elementor-size-default\">Qui sommes-nous ?<\/h2>\t\t\t\t<\/div>\n\t\t\t\t<\/div>\n\t\t\t\t<\/div>\n\t\t\t\t\t<\/div>\n\t\t\t\t<\/div>\n\t\t<div class=\"elementor-element elementor-element-91c29ae e-flex e-con-boxed e-con e-parent\" data-id=\"91c29ae\" data-element_type=\"container\">\n\t\t\t\t\t<div class=\"e-con-inner\">\n\t\t\t\t<div class=\"elementor-element elementor-element-685d88d elementor-widget elementor-widget-text-editor\" data-id=\"685d88d\" data-element_type=\"widget\" data-widget_type=\"text-editor.default\">\n\t\t\t\t<div class=\"elementor-widget-container\">\n\t\t\t\t\t\t\t\t\t<h2 data-start=\"278\" data-end=\"298\">\u00a0<\/h2><p data-start=\"300\" data-end=\"587\"><strong data-start=\"300\" data-end=\"322\">Zonemobile Electro<\/strong> est une entreprise sp\u00e9cialis\u00e9e dans la vente d\u2019appareils <strong data-start=\"380\" data-end=\"438\">\u00e9lectrom\u00e9nagers, informatiques et de t\u00e9l\u00e9phonie mobile<\/strong>. Nous accompagnons particuliers et professionnels en leur proposant des produits fiables, modernes et accessibles, adapt\u00e9s aux besoins du quotidien.<\/p><p data-start=\"589\" data-end=\"743\">Depuis notre cr\u00e9ation, notre objectif est clair : <strong data-start=\"639\" data-end=\"697\">rendre la technologie et le confort accessibles \u00e0 tous<\/strong>, sans compromis sur la qualit\u00e9 et le service.<\/p><hr data-start=\"745\" data-end=\"748\" \/><p data-start=\"1003\" data-end=\"1145\">\u00a0<\/p>\t\t\t\t\t\t\t\t<\/div>\n\t\t\t\t<\/div>\n\t\t\t\t\t<\/div>\n\t\t\t\t<\/div>\n\t\t<div class=\"elementor-element elementor-element-f4f3301 e-flex e-con-boxed e-con e-parent\" data-id=\"f4f3301\" data-element_type=\"container\">\n\t\t\t\t\t<div class=\"e-con-inner\">\n\t\t\t\t<div class=\"elementor-element elementor-element-9a97e43 elementor-widget elementor-widget-heading\" data-id=\"9a97e43\" data-element_type=\"widget\" data-widget_type=\"heading.default\">\n\t\t\t\t<div class=\"elementor-widget-container\">\n\t\t\t\t\t<h2 class=\"elementor-heading-title elementor-size-default\">Notre mission<\/h2>\t\t\t\t<\/div>\n\t\t\t\t<\/div>\n\t\t\t\t\t<\/div>\n\t\t\t\t<\/div>\n\t\t<div class=\"elementor-element elementor-element-92d9410 e-flex e-con-boxed e-con e-parent\" data-id=\"92d9410\" data-element_type=\"container\">\n\t\t\t\t\t<div class=\"e-con-inner\">\n\t\t\t\t<div class=\"elementor-element elementor-element-2efd76d elementor-widget elementor-widget-text-editor\" data-id=\"2efd76d\" data-element_type=\"widget\" data-widget_type=\"text-editor.default\">\n\t\t\t\t<div class=\"elementor-widget-container\">\n\t\t\t\t\t\t\t\t\t<p data-start=\"750\" data-end=\"766\">Notre mission est d\u2019offrir \u00e0 nos clients des solutions technologiques et \u00e9lectrom\u00e9nag\u00e8res <strong data-start=\"858\" data-end=\"920\">performantes, durables et au meilleur rapport qualit\u00e9-prix<\/strong>, tout en garantissant une exp\u00e9rience d\u2019achat simple, s\u00e9curis\u00e9e et satisfaisante.<\/p><p data-start=\"1003\" data-end=\"1145\">Nous nous engageons \u00e0 fournir des produits s\u00e9lectionn\u00e9s avec soin, accompagn\u00e9s de conseils professionnels et d\u2019un service apr\u00e8s-vente r\u00e9actif.<\/p>\t\t\t\t\t\t\t\t<\/div>\n\t\t\t\t<\/div>\n\t\t\t\t\t<\/div>\n\t\t\t\t<\/div>\n\t\t<div class=\"elementor-element elementor-element-2854bcd e-flex e-con-boxed e-con e-parent\" data-id=\"2854bcd\" data-element_type=\"container\" data-settings=\"{&quot;background_background&quot;:&quot;classic&quot;}\">\n\t\t\t\t\t<div class=\"e-con-inner\">\n\t\t\t\t<div class=\"elementor-element elementor-element-9e1df42 elementor-widget elementor-widget-heading\" data-id=\"9e1df42\" data-element_type=\"widget\" data-widget_type=\"heading.default\">\n\t\t\t\t<div class=\"elementor-widget-container\">\n\t\t\t\t\t<h2 class=\"elementor-heading-title elementor-size-default\">chez Zonemobile Electro<\/h2>\t\t\t\t<\/div>\n\t\t\t\t<\/div>\n\t\t<div class=\"elementor-element elementor-element-9676e95 e-con-full e-flex e-con e-child\" data-id=\"9676e95\" data-element_type=\"container\">\n\t\t<div class=\"elementor-element elementor-element-f5e8d1f e-con-full e-flex e-con e-child\" data-id=\"f5e8d1f\" data-element_type=\"container\">\n\t\t\t\t<div class=\"elementor-element elementor-element-b15a23a elementor-widget elementor-widget-heading\" data-id=\"b15a23a\" data-element_type=\"widget\" data-widget_type=\"heading.default\">\n\t\t\t\t<div class=\"elementor-widget-container\">\n\t\t\t\t\t<h6 class=\"elementor-heading-title elementor-size-default\">01.<\/h6>\t\t\t\t<\/div>\n\t\t\t\t<\/div>\n\t\t\t\t<div class=\"elementor-element elementor-element-2b86fcd elementor-widget elementor-widget-image-box\" data-id=\"2b86fcd\" data-element_type=\"widget\" data-widget_type=\"image-box.default\">\n\t\t\t\t<div class=\"elementor-widget-container\">\n\t\t\t\t\t<div class=\"elementor-image-box-wrapper\"><div class=\"elementor-image-box-content\"><h5 class=\"elementor-image-box-title\">CONSEIL &amp; ORIENTATION<\/h5><p class=\"elementor-image-box-description\">\n\nNous analysons vos besoins afin de vous orienter vers le t\u00e9l\u00e9phone, l\u2019ordinateur ou l\u2019appareil \u00e9lectrom\u00e9nager le plus adapt\u00e9 \u00e0 votre usage et \u00e0 votre budget.<\/p><\/div><\/div>\t\t\t\t<\/div>\n\t\t\t\t<\/div>\n\t\t\t\t<\/div>\n\t\t<div class=\"elementor-element elementor-element-b6530c5 e-con-full e-flex e-con e-child\" data-id=\"b6530c5\" data-element_type=\"container\">\n\t\t\t\t<div class=\"elementor-element elementor-element-260dbd7 elementor-widget elementor-widget-heading\" data-id=\"260dbd7\" data-element_type=\"widget\" data-widget_type=\"heading.default\">\n\t\t\t\t<div class=\"elementor-widget-container\">\n\t\t\t\t\t<h6 class=\"elementor-heading-title elementor-size-default\">02.<\/h6>\t\t\t\t<\/div>\n\t\t\t\t<\/div>\n\t\t\t\t<div class=\"elementor-element elementor-element-71fa11c elementor-widget elementor-widget-image-box\" data-id=\"71fa11c\" data-element_type=\"widget\" data-widget_type=\"image-box.default\">\n\t\t\t\t<div class=\"elementor-widget-container\">\n\t\t\t\t\t<div class=\"elementor-image-box-wrapper\"><div class=\"elementor-image-box-content\"><h5 class=\"elementor-image-box-title\">S\u00c9LECTION DES PRODUITS<\/h5><p class=\"elementor-image-box-description\">\n\nNous s\u00e9lectionnons des produits fiables, authentiques et performants, issus de marques reconnues, pour garantir qualit\u00e9, durabilit\u00e9 et satisfaction.<\/p><\/div><\/div>\t\t\t\t<\/div>\n\t\t\t\t<\/div>\n\t\t\t\t<\/div>\n\t\t<div class=\"elementor-element elementor-element-74b4fa4 e-con-full e-flex e-con e-child\" data-id=\"74b4fa4\" data-element_type=\"container\">\n\t\t\t\t<div class=\"elementor-element elementor-element-23512c4 elementor-widget elementor-widget-heading\" data-id=\"23512c4\" data-element_type=\"widget\" data-widget_type=\"heading.default\">\n\t\t\t\t<div class=\"elementor-widget-container\">\n\t\t\t\t\t<h6 class=\"elementor-heading-title elementor-size-default\">03.<\/h6>\t\t\t\t<\/div>\n\t\t\t\t<\/div>\n\t\t\t\t<div class=\"elementor-element elementor-element-4a221c3 elementor-widget elementor-widget-image-box\" data-id=\"4a221c3\" data-element_type=\"widget\" data-widget_type=\"image-box.default\">\n\t\t\t\t<div class=\"elementor-widget-container\">\n\t\t\t\t\t<div class=\"elementor-image-box-wrapper\"><div class=\"elementor-image-box-content\"><h5 class=\"elementor-image-box-title\">VENTE &amp; LIVRAISON<\/h5><p class=\"elementor-image-box-description\">\n\nNous assurons une vente rapide et s\u00e9curis\u00e9e, avec une livraison efficace partout au B\u00e9nin, dans le respect des d\u00e9lais et des conditions annonc\u00e9es.<\/p><\/div><\/div>\t\t\t\t<\/div>\n\t\t\t\t<\/div>\n\t\t\t\t<\/div>\n\t\t<div class=\"elementor-element elementor-element-0f9814c e-con-full e-flex e-con e-child\" data-id=\"0f9814c\" data-element_type=\"container\">\n\t\t\t\t<div class=\"elementor-element elementor-element-e554134 elementor-widget elementor-widget-heading\" data-id=\"e554134\" data-element_type=\"widget\" data-widget_type=\"heading.default\">\n\t\t\t\t<div class=\"elementor-widget-container\">\n\t\t\t\t\t<h6 class=\"elementor-heading-title elementor-size-default\">04.<\/h6>\t\t\t\t<\/div>\n\t\t\t\t<\/div>\n\t\t\t\t<div class=\"elementor-element elementor-element-67a86d1 elementor-widget elementor-widget-image-box\" data-id=\"67a86d1\" data-element_type=\"widget\" data-widget_type=\"image-box.default\">\n\t\t\t\t<div class=\"elementor-widget-container\">\n\t\t\t\t\t<div class=\"elementor-image-box-wrapper\"><div class=\"elementor-image-box-content\"><h5 class=\"elementor-image-box-title\">SERVICE &amp; ASSISTANCE<\/h5><p class=\"elementor-image-box-description\">\n\nNotre \u00e9quipe reste disponible pour le service apr\u00e8s-vente, l\u2019assistance et les conseils, afin de vous accompagner m\u00eame apr\u00e8s votre achat.<\/p><\/div><\/div>\t\t\t\t<\/div>\n\t\t\t\t<\/div>\n\t\t\t\t<\/div>\n\t\t\t\t<\/div>\n\t\t\t\t\t<\/div>\n\t\t\t\t<\/div>\n\t\t<div class=\"elementor-element elementor-element-b6b718c e-flex e-con-boxed e-con e-parent\" data-id=\"b6b718c\" data-element_type=\"container\">\n\t\t\t\t\t<div class=\"e-con-inner\">\n\t\t\t\t\t<\/div>\n\t\t\t\t<\/div>\n\t\t\t\t<\/div>\n\t\t","protected":false},"excerpt":{"rendered":"<p>Qui sommes-nous ? \u00a0 Zonemobile Electro est une entreprise sp\u00e9cialis\u00e9e dans la vente d\u2019appareils \u00e9lectrom\u00e9nagers, informatiques et de t\u00e9l\u00e9phonie mobile. Nous accompagnons particuliers et professionnels en leur proposant des produits fiables, modernes et accessibles, adapt\u00e9s aux besoins du quotidien. Depuis notre cr\u00e9ation, notre objectif est clair : rendre la technologie et le confort accessibles \u00e0 [&hellip;]<\/p>\n","protected":false},"author":1,"featured_media":0,"parent":0,"menu_order":0,"comment_status":"closed","ping_status":"closed","template":"","meta":{"site-sidebar-layout":"no-sidebar","site-content-layout":"page-builder","ast-site-content-layout":"default","site-content-style":"default","site-sidebar-style":"default","ast-global-header-display":"","ast-banner-title-visibility":"","ast-main-header-display":"","ast-hfb-above-header-display":"","ast-hfb-below-header-display":"","ast-hfb-mobile-header-display":"","site-post-title":"disabled","ast-breadcrumbs-content":"disabled","ast-featured-img":"disabled","footer-sml-layout":"","ast-disable-related-posts":"","theme-transparent-header-meta":"enabled","adv-header-id-meta":"","stick-header-meta":"","header-above-stick-meta":"","header-main-stick-meta":"","header-below-stick-meta":"","astra-migrate-meta-layouts":"default","ast-page-background-enabled":"default","ast-page-background-meta":{"desktop":{"background-color":"","background-image":"","background-repeat":"repeat","background-position":"center center","background-size":"auto","background-attachment":"scroll","background-type":"","background-media":"","overlay-type":"","overlay-color":"","overlay-opacity":"","overlay-gradient":""},"tablet":{"background-color":"","background-image":"","background-repeat":"repeat","background-position":"center center","background-size":"auto","background-attachment":"scroll","background-type":"","background-media":"","overlay-type":"","overlay-color":"","overlay-opacity":"","overlay-gradient":""},"mobile":{"background-color":"","background-image":"","background-repeat":"repeat","background-position":"center center","background-size":"auto","background-attachment":"scroll","background-type":"","background-media":"","overlay-type":"","overlay-color":"","overlay-opacity":"","overlay-gradient":""}},"ast-content-background-meta":{"desktop":{"background-color":"var(--ast-global-color-5)","background-image":"","background-repeat":"repeat","background-position":"center center","background-size":"auto","background-attachment":"scroll","background-type":"","background-media":"","overlay-type":"","overlay-color":"","overlay-opacity":"","overlay-gradient":""},"tablet":{"background-color":"var(--ast-global-color-5)","background-image":"","background-repeat":"repeat","background-position":"center center","background-size":"auto","background-attachment":"scroll","background-type":"","background-media":"","overlay-type":"","overlay-color":"","overlay-opacity":"","overlay-gradient":""},"mobile":{"background-color":"var(--ast-global-color-5)","background-image":"","background-repeat":"repeat","background-position":"center center","background-size":"auto","background-attachment":"scroll","background-type":"","background-media":"","overlay-type":"","overlay-color":"","overlay-opacity":"","overlay-gradient":""}},"footnotes":""},"class_list":["post-20","page","type-page","status-publish","hentry"],"_hostinger_reach_plugin_has_subscription_block":false,"_hostinger_reach_plugin_is_elementor":false,"_links":{"self":[{"href":"https:\/\/zonemobilectro.com\/index.php?rest_route=\/wp\/v2\/pages\/20","targetHints":{"allow":["GET"]}}],"collection":[{"href":"https:\/\/zonemobilectro.com\/index.php?rest_route=\/wp\/v2\/pages"}],"about":[{"href":"https:\/\/zonemobilectro.com\/index.php?rest_route=\/wp\/v2\/types\/page"}],"author":[{"embeddable":true,"href":"https:\/\/zonemobilectro.com\/index.php?rest_route=\/wp\/v2\/users\/1"}],"replies":[{"embeddable":true,"href":"https:\/\/zonemobilectro.com\/index.php?rest_route=%2Fwp%2Fv2%2Fcomments&post=20"}],"version-history":[{"count":3,"href":"https:\/\/zonemobilectro.com\/index.php?rest_route=\/wp\/v2\/pages\/20\/revisions"}],"predecessor-version":[{"id":2257,"href":"https:\/\/zonemobilectro.com\/index.php?rest_route=\/wp\/v2\/pages\/20\/revisions\/2257"}],"wp:attachment":[{"href":"https:\/\/zonemobilectro.com\/index.php?rest_route=%2Fwp%2Fv2%2Fmedia&parent=20"}],"curies":[{"name":"wp","href":"https:\/\/api.w.org\/{rel}","templated":true}]}}