{"id":2574,"date":"2026-03-09T14:22:18","date_gmt":"2026-03-09T13:22:18","guid":{"rendered":"https:\/\/zonemobilectro.com\/?post_type=product&#038;p=2574"},"modified":"2026-03-09T14:39:13","modified_gmt":"2026-03-09T13:39:13","slug":"bouilloire-electrique-2l","status":"publish","type":"product","link":"https:\/\/zonemobilectro.com\/?product=bouilloire-electrique-2l","title":{"rendered":"BOUILLOIRE ELECTRIQUE 2L"},"content":{"rendered":"<div>Facilitez la pr\u00e9paration de vos m\u00e9langes gr\u00e2ce \u00e0 cette brouill\u00e8re \u00e9lectrique performante, con\u00e7ue pour offrir rapidit\u00e9, efficacit\u00e9 et s\u00e9curit\u00e9 dans votre cuisine. Son moteur puissant permet d\u2019obtenir une texture homog\u00e8ne en quelques instants, id\u00e9ale pour diff\u00e9rents types de pr\u00e9parations.<\/div>\n<div><\/div>\n<div>\u00c9quip\u00e9e d\u2019un syst\u00e8me d\u2019arr\u00eat automatique, elle garantit une utilisation plus s\u00fbre en stoppant l\u2019appareil en cas de surcharge ou d\u2019utilisation prolong\u00e9e. Son design ergonomique et sa prise en main facile en font un appareil pratique pour un usage quotidien.<\/div>\n<div><\/div>\n<div>Caract\u00e9ristiques :<\/div>\n<div>\u2022Moteur \u00e9lectrique puissant<\/div>\n<div>\u2022Syst\u00e8me de s\u00e9curit\u00e9 avec arr\u00eat automatique<\/div>\n<div>\u2022Utilisation simple et rapide<\/div>\n<div>\u2022Conception durable et pratique<\/div>\n<div>\u2022Id\u00e9ale pour une utilisation domestique<\/div>\n<div><\/div>\n<div>Cette brouill\u00e8re \u00e9lectrique est le choix parfait pour ceux qui recherchent efficacit\u00e9, s\u00e9curit\u00e9 et gain de temps en cuisine.<\/div>\n","protected":false},"excerpt":{"rendered":"<p>Facilitez la pr\u00e9paration de vos m\u00e9langes gr\u00e2ce \u00e0 cette brouill\u00e8re \u00e9lectrique performante, con\u00e7ue pour offrir rapidit\u00e9, efficacit\u00e9 et s\u00e9curit\u00e9 dans votre cuisine. Son moteur puissant permet d\u2019obtenir une texture homog\u00e8ne en quelques instants, id\u00e9ale pour diff\u00e9rents types de pr\u00e9parations. \u00c9quip\u00e9e d\u2019un syst\u00e8me d\u2019arr\u00eat automatique, elle garantit une utilisation plus s\u00fbre en stoppant l\u2019appareil en cas [&hellip;]<\/p>\n","protected":false},"featured_media":2576,"comment_status":"open","ping_status":"closed","template":"","meta":{"site-sidebar-layout":"default","site-content-layout":"","ast-site-content-layout":"default","site-content-style":"default","site-sidebar-style":"default","ast-global-header-display":"","ast-banner-title-visibility":"","ast-main-header-display":"","ast-hfb-above-header-display":"","ast-hfb-below-header-display":"","ast-hfb-mobile-header-display":"","site-post-title":"","ast-breadcrumbs-content":"","ast-featured-img":"","footer-sml-layout":"","ast-disable-related-posts":"","theme-transparent-header-meta":"default","adv-header-id-meta":"","stick-header-meta":"","header-above-stick-meta":"","header-main-stick-meta":"","header-below-stick-meta":"","astra-migrate-meta-layouts":"set","ast-page-background-enabled":"default","ast-page-background-meta":{"desktop":{"background-color":"","background-image":"","background-repeat":"repeat","background-position":"center center","background-size":"auto","background-attachment":"scroll","background-type":"","background-media":"","overlay-type":"","overlay-color":"","overlay-opacity":"","overlay-gradient":""},"tablet":{"background-color":"","background-image":"","background-repeat":"repeat","background-position":"center center","background-size":"auto","background-attachment":"scroll","background-type":"","background-media":"","overlay-type":"","overlay-color":"","overlay-opacity":"","overlay-gradient":""},"mobile":{"background-color":"","background-image":"","background-repeat":"repeat","background-position":"center center","background-size":"auto","background-attachment":"scroll","background-type":"","background-media":"","overlay-type":"","overlay-color":"","overlay-opacity":"","overlay-gradient":""}},"ast-content-background-meta":{"desktop":{"background-color":"var(--ast-global-color-5)","background-image":"","background-repeat":"repeat","background-position":"center center","background-size":"auto","background-attachment":"scroll","background-type":"","background-media":"","overlay-type":"","overlay-color":"","overlay-opacity":"","overlay-gradient":""},"tablet":{"background-color":"var(--ast-global-color-5)","background-image":"","background-repeat":"repeat","background-position":"center center","background-size":"auto","background-attachment":"scroll","background-type":"","background-media":"","overlay-type":"","overlay-color":"","overlay-opacity":"","overlay-gradient":""},"mobile":{"background-color":"var(--ast-global-color-5)","background-image":"","background-repeat":"repeat","background-position":"center center","background-size":"auto","background-attachment":"scroll","background-type":"","background-media":"","overlay-type":"","overlay-color":"","overlay-opacity":"","overlay-gradient":""}}},"product_brand":[],"product_cat":[15],"product_tag":[],"class_list":{"0":"post-2574","1":"product","2":"type-product","3":"status-publish","4":"has-post-thumbnail","6":"product_cat-non-classe","7":"desktop-align-left","8":"tablet-align-left","9":"mobile-align-left","11":"first","12":"instock","13":"sale","14":"shipping-taxable","15":"purchasable","16":"product-type-simple"},"_links":{"self":[{"href":"https:\/\/zonemobilectro.com\/index.php?rest_route=\/wp\/v2\/product\/2574","targetHints":{"allow":["GET"]}}],"collection":[{"href":"https:\/\/zonemobilectro.com\/index.php?rest_route=\/wp\/v2\/product"}],"about":[{"href":"https:\/\/zonemobilectro.com\/index.php?rest_route=\/wp\/v2\/types\/product"}],"replies":[{"embeddable":true,"href":"https:\/\/zonemobilectro.com\/index.php?rest_route=%2Fwp%2Fv2%2Fcomments&post=2574"}],"version-history":[{"count":1,"href":"https:\/\/zonemobilectro.com\/index.php?rest_route=\/wp\/v2\/product\/2574\/revisions"}],"predecessor-version":[{"id":2577,"href":"https:\/\/zonemobilectro.com\/index.php?rest_route=\/wp\/v2\/product\/2574\/revisions\/2577"}],"wp:featuredmedia":[{"embeddable":true,"href":"https:\/\/zonemobilectro.com\/index.php?rest_route=\/wp\/v2\/media\/2576"}],"wp:attachment":[{"href":"https:\/\/zonemobilectro.com\/index.php?rest_route=%2Fwp%2Fv2%2Fmedia&parent=2574"}],"wp:term":[{"taxonomy":"product_brand","embeddable":true,"href":"https:\/\/zonemobilectro.com\/index.php?rest_route=%2Fwp%2Fv2%2Fproduct_brand&post=2574"},{"taxonomy":"product_cat","embeddable":true,"href":"https:\/\/zonemobilectro.com\/index.php?rest_route=%2Fwp%2Fv2%2Fproduct_cat&post=2574"},{"taxonomy":"product_tag","embeddable":true,"href":"https:\/\/zonemobilectro.com\/index.php?rest_route=%2Fwp%2Fv2%2Fproduct_tag&post=2574"}],"curies":[{"name":"wp","href":"https:\/\/api.w.org\/{rel}","templated":true}]}}