{"id":2596,"date":"2026-04-14T21:28:46","date_gmt":"2026-04-14T19:28:46","guid":{"rendered":"https:\/\/zonemobilectro.com\/?post_type=product&#038;p=2596"},"modified":"2026-04-14T21:36:41","modified_gmt":"2026-04-14T19:36:41","slug":"blender-binatone-412","status":"publish","type":"product","link":"https:\/\/zonemobilectro.com\/?product=blender-binatone-412","title":{"rendered":"Blender binatone 412"},"content":{"rendered":"<div>Blender Binatone BLG-412<\/div>\n<div><\/div>\n<div>Le blender Binatone BLG-412 est parfait pour vos pr\u00e9parations quotidiennes : jus, smoothies, sauces et \u00e9pices. Gr\u00e2ce \u00e0 sa puissance de 300W et ses lames en acier inoxydable, il assure un mixage rapide et homog\u00e8ne.<\/div>\n<div><\/div>\n<div>Son bol de 1,5L offre une bonne capacit\u00e9 pour toute la famille, avec un moulin int\u00e9gr\u00e9 pour moudre caf\u00e9 et \u00e9pices. Facile \u00e0 utiliser avec ses 2 vitesses + fonction pulse, il garantit praticit\u00e9 et efficacit\u00e9 au quotidien.<\/div>\n<div><\/div>\n<div>Caract\u00e9ristiques :<\/div>\n<div>\u2022Puissance : 300W<\/div>\n<div>\u2022Capacit\u00e9 : 1,5L<\/div>\n<div>\u20222 vitesses + pulse<\/div>\n<div>\u2022Lames inox<\/div>\n<div>\u2022Moulin int\u00e9gr\u00e9<\/div>\n<div>\u2022Syst\u00e8me de s\u00e9curit\u00e9<\/div>\n<div><\/div>\n<div>Un excellent choix pour un usage simple, rapide et efficace.<\/div>\n","protected":false},"excerpt":{"rendered":"<p>Blender Binatone BLG-412 Le blender Binatone BLG-412 est parfait pour vos pr\u00e9parations quotidiennes : jus, smoothies, sauces et \u00e9pices. Gr\u00e2ce \u00e0 sa puissance de 300W et ses lames en acier inoxydable, il assure un mixage rapide et homog\u00e8ne. Son bol de 1,5L offre une bonne capacit\u00e9 pour toute la famille, avec un moulin int\u00e9gr\u00e9 pour [&hellip;]<\/p>\n","protected":false},"featured_media":2597,"comment_status":"open","ping_status":"closed","template":"","meta":{"site-sidebar-layout":"default","site-content-layout":"","ast-site-content-layout":"default","site-content-style":"default","site-sidebar-style":"default","ast-global-header-display":"","ast-banner-title-visibility":"","ast-main-header-display":"","ast-hfb-above-header-display":"","ast-hfb-below-header-display":"","ast-hfb-mobile-header-display":"","site-post-title":"","ast-breadcrumbs-content":"","ast-featured-img":"","footer-sml-layout":"","ast-disable-related-posts":"","theme-transparent-header-meta":"default","adv-header-id-meta":"","stick-header-meta":"","header-above-stick-meta":"","header-main-stick-meta":"","header-below-stick-meta":"","astra-migrate-meta-layouts":"set","ast-page-background-enabled":"default","ast-page-background-meta":{"desktop":{"background-color":"","background-image":"","background-repeat":"repeat","background-position":"center center","background-size":"auto","background-attachment":"scroll","background-type":"","background-media":"","overlay-type":"","overlay-color":"","overlay-opacity":"","overlay-gradient":""},"tablet":{"background-color":"","background-image":"","background-repeat":"repeat","background-position":"center center","background-size":"auto","background-attachment":"scroll","background-type":"","background-media":"","overlay-type":"","overlay-color":"","overlay-opacity":"","overlay-gradient":""},"mobile":{"background-color":"","background-image":"","background-repeat":"repeat","background-position":"center center","background-size":"auto","background-attachment":"scroll","background-type":"","background-media":"","overlay-type":"","overlay-color":"","overlay-opacity":"","overlay-gradient":""}},"ast-content-background-meta":{"desktop":{"background-color":"var(--ast-global-color-5)","background-image":"","background-repeat":"repeat","background-position":"center center","background-size":"auto","background-attachment":"scroll","background-type":"","background-media":"","overlay-type":"","overlay-color":"","overlay-opacity":"","overlay-gradient":""},"tablet":{"background-color":"var(--ast-global-color-5)","background-image":"","background-repeat":"repeat","background-position":"center center","background-size":"auto","background-attachment":"scroll","background-type":"","background-media":"","overlay-type":"","overlay-color":"","overlay-opacity":"","overlay-gradient":""},"mobile":{"background-color":"var(--ast-global-color-5)","background-image":"","background-repeat":"repeat","background-position":"center center","background-size":"auto","background-attachment":"scroll","background-type":"","background-media":"","overlay-type":"","overlay-color":"","overlay-opacity":"","overlay-gradient":""}}},"product_brand":[],"product_cat":[15],"product_tag":[],"class_list":{"0":"post-2596","1":"product","2":"type-product","3":"status-publish","4":"has-post-thumbnail","6":"product_cat-non-classe","7":"desktop-align-left","8":"tablet-align-left","9":"mobile-align-left","11":"first","12":"instock","13":"shipping-taxable","14":"purchasable","15":"product-type-simple"},"_links":{"self":[{"href":"https:\/\/zonemobilectro.com\/index.php?rest_route=\/wp\/v2\/product\/2596","targetHints":{"allow":["GET"]}}],"collection":[{"href":"https:\/\/zonemobilectro.com\/index.php?rest_route=\/wp\/v2\/product"}],"about":[{"href":"https:\/\/zonemobilectro.com\/index.php?rest_route=\/wp\/v2\/types\/product"}],"replies":[{"embeddable":true,"href":"https:\/\/zonemobilectro.com\/index.php?rest_route=%2Fwp%2Fv2%2Fcomments&post=2596"}],"version-history":[{"count":1,"href":"https:\/\/zonemobilectro.com\/index.php?rest_route=\/wp\/v2\/product\/2596\/revisions"}],"predecessor-version":[{"id":2599,"href":"https:\/\/zonemobilectro.com\/index.php?rest_route=\/wp\/v2\/product\/2596\/revisions\/2599"}],"wp:featuredmedia":[{"embeddable":true,"href":"https:\/\/zonemobilectro.com\/index.php?rest_route=\/wp\/v2\/media\/2597"}],"wp:attachment":[{"href":"https:\/\/zonemobilectro.com\/index.php?rest_route=%2Fwp%2Fv2%2Fmedia&parent=2596"}],"wp:term":[{"taxonomy":"product_brand","embeddable":true,"href":"https:\/\/zonemobilectro.com\/index.php?rest_route=%2Fwp%2Fv2%2Fproduct_brand&post=2596"},{"taxonomy":"product_cat","embeddable":true,"href":"https:\/\/zonemobilectro.com\/index.php?rest_route=%2Fwp%2Fv2%2Fproduct_cat&post=2596"},{"taxonomy":"product_tag","embeddable":true,"href":"https:\/\/zonemobilectro.com\/index.php?rest_route=%2Fwp%2Fv2%2Fproduct_tag&post=2596"}],"curies":[{"name":"wp","href":"https:\/\/api.w.org\/{rel}","templated":true}]}}