{"id":2608,"date":"2026-04-14T21:44:39","date_gmt":"2026-04-14T19:44:39","guid":{"rendered":"https:\/\/zonemobilectro.com\/?post_type=product&#038;p=2608"},"modified":"2026-04-14T21:44:39","modified_gmt":"2026-04-14T19:44:39","slug":"fer-a-repasser-a-vapeur-binatone","status":"publish","type":"product","link":"https:\/\/zonemobilectro.com\/?product=fer-a-repasser-a-vapeur-binatone","title":{"rendered":"FER A REPASSER A VAPEUR BINATONE"},"content":{"rendered":"<div>Le fer \u00e0 vapeur Binatone SI-1605 est con\u00e7u pour un repassage rapide, efficace et sans effort. Gr\u00e2ce \u00e0 sa puissance de 1450 \u00e0 1750W et sa semelle antiadh\u00e9sive, il glisse facilement sur tous les types de tissus.<\/div>\n<div>\u00c9quip\u00e9 d\u2019un syst\u00e8me de vapeur continue et d\u2019un spray d\u2019eau, il \u00e9limine facilement les plis, m\u00eame les plus tenaces. Son r\u00e9glage de temp\u00e9rature permet de s\u2019adapter \u00e0 chaque type de v\u00eatement pour un r\u00e9sultat impeccable.\u00a0 \ufffc<\/div>\n<div>Caract\u00e9ristiques :<\/div>\n<div>\u2022Puissance : 1450\u20131750W<\/div>\n<div>\u2022Semelle antiadh\u00e9sive<\/div>\n<div>\u2022Vapeur continue + fonction spray<\/div>\n<div>\u2022R\u00e9servoir d\u2019eau : 90 ml<\/div>\n<div>\u2022Temp\u00e9rature r\u00e9glable<\/div>\n<div>\u2022T\u00e9moin lumineux<\/div>\n<div><\/div>\n<div>\ud83d\udc49 Id\u00e9al pour un repassage simple, rapide et efficace au quotidien.<\/div>\n","protected":false},"excerpt":{"rendered":"<p>Le fer \u00e0 vapeur Binatone SI-1605 est con\u00e7u pour un repassage rapide, efficace et sans effort. Gr\u00e2ce \u00e0 sa puissance de 1450 \u00e0 1750W et sa semelle antiadh\u00e9sive, il glisse facilement sur tous les types de tissus. \u00c9quip\u00e9 d\u2019un syst\u00e8me de vapeur continue et d\u2019un spray d\u2019eau, il \u00e9limine facilement les plis, m\u00eame les plus [&hellip;]<\/p>\n","protected":false},"featured_media":2609,"comment_status":"open","ping_status":"closed","template":"","meta":{"site-sidebar-layout":"default","site-content-layout":"","ast-site-content-layout":"default","site-content-style":"default","site-sidebar-style":"default","ast-global-header-display":"","ast-banner-title-visibility":"","ast-main-header-display":"","ast-hfb-above-header-display":"","ast-hfb-below-header-display":"","ast-hfb-mobile-header-display":"","site-post-title":"","ast-breadcrumbs-content":"","ast-featured-img":"","footer-sml-layout":"","ast-disable-related-posts":"","theme-transparent-header-meta":"default","adv-header-id-meta":"","stick-header-meta":"","header-above-stick-meta":"","header-main-stick-meta":"","header-below-stick-meta":"","astra-migrate-meta-layouts":"set","ast-page-background-enabled":"default","ast-page-background-meta":{"desktop":{"background-color":"","background-image":"","background-repeat":"repeat","background-position":"center center","background-size":"auto","background-attachment":"scroll","background-type":"","background-media":"","overlay-type":"","overlay-color":"","overlay-opacity":"","overlay-gradient":""},"tablet":{"background-color":"","background-image":"","background-repeat":"repeat","background-position":"center center","background-size":"auto","background-attachment":"scroll","background-type":"","background-media":"","overlay-type":"","overlay-color":"","overlay-opacity":"","overlay-gradient":""},"mobile":{"background-color":"","background-image":"","background-repeat":"repeat","background-position":"center center","background-size":"auto","background-attachment":"scroll","background-type":"","background-media":"","overlay-type":"","overlay-color":"","overlay-opacity":"","overlay-gradient":""}},"ast-content-background-meta":{"desktop":{"background-color":"var(--ast-global-color-5)","background-image":"","background-repeat":"repeat","background-position":"center center","background-size":"auto","background-attachment":"scroll","background-type":"","background-media":"","overlay-type":"","overlay-color":"","overlay-opacity":"","overlay-gradient":""},"tablet":{"background-color":"var(--ast-global-color-5)","background-image":"","background-repeat":"repeat","background-position":"center center","background-size":"auto","background-attachment":"scroll","background-type":"","background-media":"","overlay-type":"","overlay-color":"","overlay-opacity":"","overlay-gradient":""},"mobile":{"background-color":"var(--ast-global-color-5)","background-image":"","background-repeat":"repeat","background-position":"center center","background-size":"auto","background-attachment":"scroll","background-type":"","background-media":"","overlay-type":"","overlay-color":"","overlay-opacity":"","overlay-gradient":""}}},"product_brand":[40],"product_cat":[25,39],"product_tag":[],"class_list":{"0":"post-2608","1":"product","2":"type-product","3":"status-publish","4":"has-post-thumbnail","6":"product_brand-binatone","7":"product_cat-frigo","8":"product_cat-petits-electromenagers","9":"desktop-align-left","10":"tablet-align-left","11":"mobile-align-left","13":"first","14":"instock","15":"sale","16":"shipping-taxable","17":"purchasable","18":"product-type-simple"},"_links":{"self":[{"href":"https:\/\/zonemobilectro.com\/index.php?rest_route=\/wp\/v2\/product\/2608","targetHints":{"allow":["GET"]}}],"collection":[{"href":"https:\/\/zonemobilectro.com\/index.php?rest_route=\/wp\/v2\/product"}],"about":[{"href":"https:\/\/zonemobilectro.com\/index.php?rest_route=\/wp\/v2\/types\/product"}],"replies":[{"embeddable":true,"href":"https:\/\/zonemobilectro.com\/index.php?rest_route=%2Fwp%2Fv2%2Fcomments&post=2608"}],"version-history":[{"count":2,"href":"https:\/\/zonemobilectro.com\/index.php?rest_route=\/wp\/v2\/product\/2608\/revisions"}],"predecessor-version":[{"id":2612,"href":"https:\/\/zonemobilectro.com\/index.php?rest_route=\/wp\/v2\/product\/2608\/revisions\/2612"}],"wp:featuredmedia":[{"embeddable":true,"href":"https:\/\/zonemobilectro.com\/index.php?rest_route=\/wp\/v2\/media\/2609"}],"wp:attachment":[{"href":"https:\/\/zonemobilectro.com\/index.php?rest_route=%2Fwp%2Fv2%2Fmedia&parent=2608"}],"wp:term":[{"taxonomy":"product_brand","embeddable":true,"href":"https:\/\/zonemobilectro.com\/index.php?rest_route=%2Fwp%2Fv2%2Fproduct_brand&post=2608"},{"taxonomy":"product_cat","embeddable":true,"href":"https:\/\/zonemobilectro.com\/index.php?rest_route=%2Fwp%2Fv2%2Fproduct_cat&post=2608"},{"taxonomy":"product_tag","embeddable":true,"href":"https:\/\/zonemobilectro.com\/index.php?rest_route=%2Fwp%2Fv2%2Fproduct_tag&post=2608"}],"curies":[{"name":"wp","href":"https:\/\/api.w.org\/{rel}","templated":true}]}}