{"id":2618,"date":"2026-04-14T22:01:40","date_gmt":"2026-04-14T20:01:40","guid":{"rendered":"https:\/\/zonemobilectro.com\/?post_type=product&#038;p=2618"},"modified":"2026-04-14T22:01:40","modified_gmt":"2026-04-14T20:01:40","slug":"air-fryer-6l-silver-crest","status":"publish","type":"product","link":"https:\/\/zonemobilectro.com\/?product=air-fryer-6l-silver-crest","title":{"rendered":"Air fryer 6L Silver Crest"},"content":{"rendered":"<div>Le Air Fryer Silver Crest 6L est un appareil moderne qui vous permet de cuire vos aliments avec tr\u00e8s peu ou sans huile, tout en conservant un go\u00fbt croustillant et savoureux. Gr\u00e2ce \u00e0 sa technologie de circulation d\u2019air chaud, il assure une cuisson rapide, homog\u00e8ne et plus saine.<\/div>\n<div>Avec sa grande capacit\u00e9 de 6 litres, il est id\u00e9al pour les familles et permet de pr\u00e9parer facilement frites, poulet, poissons, beignets et bien plus encore. Son panneau de contr\u00f4le simple et ses r\u00e9glages de temp\u00e9rature offrent une utilisation facile au quotidien.<\/div>\n<div>Caract\u00e9ristiques :<\/div>\n<div>\u2022Capacit\u00e9 : 6 Litres<\/div>\n<div>\u2022Cuisson sans huile ou tr\u00e8s peu d\u2019huile<\/div>\n<div>\u2022Technologie de circulation d\u2019air chaud<\/div>\n<div>\u2022Temp\u00e9rature r\u00e9glable (jusqu\u2019\u00e0 environ 200\u00b0C)<\/div>\n<div>\u2022Minuterie int\u00e9gr\u00e9e<\/div>\n<div>\u2022Cuisson rapide et homog\u00e8ne<\/div>\n<div>\u2022Panier antiadh\u00e9sif facile \u00e0 nettoyer<\/div>\n<div>\u00a0Un excellent choix pour une cuisine plus saine, rapide et pratique au quotidien.<\/div>\n","protected":false},"excerpt":{"rendered":"<p>Le Air Fryer Silver Crest 6L est un appareil moderne qui vous permet de cuire vos aliments avec tr\u00e8s peu ou sans huile, tout en conservant un go\u00fbt croustillant et savoureux. Gr\u00e2ce \u00e0 sa technologie de circulation d\u2019air chaud, il assure une cuisson rapide, homog\u00e8ne et plus saine. Avec sa grande capacit\u00e9 de 6 litres, [&hellip;]<\/p>\n","protected":false},"featured_media":2619,"comment_status":"open","ping_status":"closed","template":"","meta":{"site-sidebar-layout":"default","site-content-layout":"","ast-site-content-layout":"default","site-content-style":"default","site-sidebar-style":"default","ast-global-header-display":"","ast-banner-title-visibility":"","ast-main-header-display":"","ast-hfb-above-header-display":"","ast-hfb-below-header-display":"","ast-hfb-mobile-header-display":"","site-post-title":"","ast-breadcrumbs-content":"","ast-featured-img":"","footer-sml-layout":"","ast-disable-related-posts":"","theme-transparent-header-meta":"default","adv-header-id-meta":"","stick-header-meta":"","header-above-stick-meta":"","header-main-stick-meta":"","header-below-stick-meta":"","astra-migrate-meta-layouts":"set","ast-page-background-enabled":"default","ast-page-background-meta":{"desktop":{"background-color":"","background-image":"","background-repeat":"repeat","background-position":"center center","background-size":"auto","background-attachment":"scroll","background-type":"","background-media":"","overlay-type":"","overlay-color":"","overlay-opacity":"","overlay-gradient":""},"tablet":{"background-color":"","background-image":"","background-repeat":"repeat","background-position":"center center","background-size":"auto","background-attachment":"scroll","background-type":"","background-media":"","overlay-type":"","overlay-color":"","overlay-opacity":"","overlay-gradient":""},"mobile":{"background-color":"","background-image":"","background-repeat":"repeat","background-position":"center center","background-size":"auto","background-attachment":"scroll","background-type":"","background-media":"","overlay-type":"","overlay-color":"","overlay-opacity":"","overlay-gradient":""}},"ast-content-background-meta":{"desktop":{"background-color":"var(--ast-global-color-5)","background-image":"","background-repeat":"repeat","background-position":"center center","background-size":"auto","background-attachment":"scroll","background-type":"","background-media":"","overlay-type":"","overlay-color":"","overlay-opacity":"","overlay-gradient":""},"tablet":{"background-color":"var(--ast-global-color-5)","background-image":"","background-repeat":"repeat","background-position":"center center","background-size":"auto","background-attachment":"scroll","background-type":"","background-media":"","overlay-type":"","overlay-color":"","overlay-opacity":"","overlay-gradient":""},"mobile":{"background-color":"var(--ast-global-color-5)","background-image":"","background-repeat":"repeat","background-position":"center center","background-size":"auto","background-attachment":"scroll","background-type":"","background-media":"","overlay-type":"","overlay-color":"","overlay-opacity":"","overlay-gradient":""}}},"product_brand":[41],"product_cat":[39],"product_tag":[],"class_list":{"0":"post-2618","1":"product","2":"type-product","3":"status-publish","4":"has-post-thumbnail","6":"product_brand-silver-crest","7":"product_cat-petits-electromenagers","8":"desktop-align-left","9":"tablet-align-left","10":"mobile-align-left","12":"first","13":"instock","14":"shipping-taxable","15":"purchasable","16":"product-type-simple"},"_links":{"self":[{"href":"https:\/\/zonemobilectro.com\/index.php?rest_route=\/wp\/v2\/product\/2618","targetHints":{"allow":["GET"]}}],"collection":[{"href":"https:\/\/zonemobilectro.com\/index.php?rest_route=\/wp\/v2\/product"}],"about":[{"href":"https:\/\/zonemobilectro.com\/index.php?rest_route=\/wp\/v2\/types\/product"}],"replies":[{"embeddable":true,"href":"https:\/\/zonemobilectro.com\/index.php?rest_route=%2Fwp%2Fv2%2Fcomments&post=2618"}],"version-history":[{"count":1,"href":"https:\/\/zonemobilectro.com\/index.php?rest_route=\/wp\/v2\/product\/2618\/revisions"}],"predecessor-version":[{"id":2620,"href":"https:\/\/zonemobilectro.com\/index.php?rest_route=\/wp\/v2\/product\/2618\/revisions\/2620"}],"wp:featuredmedia":[{"embeddable":true,"href":"https:\/\/zonemobilectro.com\/index.php?rest_route=\/wp\/v2\/media\/2619"}],"wp:attachment":[{"href":"https:\/\/zonemobilectro.com\/index.php?rest_route=%2Fwp%2Fv2%2Fmedia&parent=2618"}],"wp:term":[{"taxonomy":"product_brand","embeddable":true,"href":"https:\/\/zonemobilectro.com\/index.php?rest_route=%2Fwp%2Fv2%2Fproduct_brand&post=2618"},{"taxonomy":"product_cat","embeddable":true,"href":"https:\/\/zonemobilectro.com\/index.php?rest_route=%2Fwp%2Fv2%2Fproduct_cat&post=2618"},{"taxonomy":"product_tag","embeddable":true,"href":"https:\/\/zonemobilectro.com\/index.php?rest_route=%2Fwp%2Fv2%2Fproduct_tag&post=2618"}],"curies":[{"name":"wp","href":"https:\/\/api.w.org\/{rel}","templated":true}]}}