{"id":2621,"date":"2026-04-14T22:13:20","date_gmt":"2026-04-14T20:13:20","guid":{"rendered":"https:\/\/zonemobilectro.com\/?post_type=product&#038;p=2621"},"modified":"2026-04-14T22:13:20","modified_gmt":"2026-04-14T20:13:20","slug":"plaque-chauffante-a-1-foyer","status":"publish","type":"product","link":"https:\/\/zonemobilectro.com\/?product=plaque-chauffante-a-1-foyer","title":{"rendered":"Plaque chauffante \u00e0 1 foyer"},"content":{"rendered":"<div>Plaque chauffante 1 foyer<\/div>\n<div><\/div>\n<div>La plaque chauffante 1 foyer est un appareil pratique et compact, id\u00e9al pour la cuisson rapide au quotidien. Elle permet de chauffer, cuire ou r\u00e9chauffer vos aliments facilement, m\u00eame en absence de gaz.<\/div>\n<div>Gr\u00e2ce \u00e0 sa puissance d\u2019environ 1000W \u00e0 1500W , elle assure une mont\u00e9e en temp\u00e9rature rapide et une cuisson efficace. Simple d\u2019utilisation, elle s\u2019adapte \u00e0 tous types de casseroles et convient parfaitement aux petits espaces, studios, bureaux ou usage d\u2019appoint.<\/div>\n<div>Caract\u00e9ristiques :<\/div>\n<div>\u20221 foyer \u00e9lectrique<\/div>\n<div>\u2022Puissance : 1000W \u2013 1500W (Turbo Boost)<\/div>\n<div>\u2022Chauffe rapide<\/div>\n<div>\u2022Temp\u00e9rature r\u00e9glable<\/div>\n<div>\u2022Pieds antid\u00e9rapants<\/div>\n<div>\u2022Utilisation facile et s\u00e9curis\u00e9e<\/div>\n<div>Une solution simple, \u00e9conomique et pratique pour cuisiner partout.<\/div>\n","protected":false},"excerpt":{"rendered":"<p>Plaque chauffante 1 foyer La plaque chauffante 1 foyer est un appareil pratique et compact, id\u00e9al pour la cuisson rapide au quotidien. Elle permet de chauffer, cuire ou r\u00e9chauffer vos aliments facilement, m\u00eame en absence de gaz. Gr\u00e2ce \u00e0 sa puissance d\u2019environ 1000W \u00e0 1500W , elle assure une mont\u00e9e en temp\u00e9rature rapide et une [&hellip;]<\/p>\n","protected":false},"featured_media":2622,"comment_status":"open","ping_status":"closed","template":"","meta":{"site-sidebar-layout":"default","site-content-layout":"","ast-site-content-layout":"default","site-content-style":"default","site-sidebar-style":"default","ast-global-header-display":"","ast-banner-title-visibility":"","ast-main-header-display":"","ast-hfb-above-header-display":"","ast-hfb-below-header-display":"","ast-hfb-mobile-header-display":"","site-post-title":"","ast-breadcrumbs-content":"","ast-featured-img":"","footer-sml-layout":"","ast-disable-related-posts":"","theme-transparent-header-meta":"default","adv-header-id-meta":"","stick-header-meta":"","header-above-stick-meta":"","header-main-stick-meta":"","header-below-stick-meta":"","astra-migrate-meta-layouts":"set","ast-page-background-enabled":"default","ast-page-background-meta":{"desktop":{"background-color":"","background-image":"","background-repeat":"repeat","background-position":"center center","background-size":"auto","background-attachment":"scroll","background-type":"","background-media":"","overlay-type":"","overlay-color":"","overlay-opacity":"","overlay-gradient":""},"tablet":{"background-color":"","background-image":"","background-repeat":"repeat","background-position":"center center","background-size":"auto","background-attachment":"scroll","background-type":"","background-media":"","overlay-type":"","overlay-color":"","overlay-opacity":"","overlay-gradient":""},"mobile":{"background-color":"","background-image":"","background-repeat":"repeat","background-position":"center center","background-size":"auto","background-attachment":"scroll","background-type":"","background-media":"","overlay-type":"","overlay-color":"","overlay-opacity":"","overlay-gradient":""}},"ast-content-background-meta":{"desktop":{"background-color":"var(--ast-global-color-5)","background-image":"","background-repeat":"repeat","background-position":"center center","background-size":"auto","background-attachment":"scroll","background-type":"","background-media":"","overlay-type":"","overlay-color":"","overlay-opacity":"","overlay-gradient":""},"tablet":{"background-color":"var(--ast-global-color-5)","background-image":"","background-repeat":"repeat","background-position":"center center","background-size":"auto","background-attachment":"scroll","background-type":"","background-media":"","overlay-type":"","overlay-color":"","overlay-opacity":"","overlay-gradient":""},"mobile":{"background-color":"var(--ast-global-color-5)","background-image":"","background-repeat":"repeat","background-position":"center center","background-size":"auto","background-attachment":"scroll","background-type":"","background-media":"","overlay-type":"","overlay-color":"","overlay-opacity":"","overlay-gradient":""}}},"product_brand":[],"product_cat":[39],"product_tag":[],"class_list":{"0":"post-2621","1":"product","2":"type-product","3":"status-publish","4":"has-post-thumbnail","6":"product_cat-petits-electromenagers","7":"desktop-align-left","8":"tablet-align-left","9":"mobile-align-left","11":"first","12":"instock","13":"sale","14":"shipping-taxable","15":"purchasable","16":"product-type-simple"},"_links":{"self":[{"href":"https:\/\/zonemobilectro.com\/index.php?rest_route=\/wp\/v2\/product\/2621","targetHints":{"allow":["GET"]}}],"collection":[{"href":"https:\/\/zonemobilectro.com\/index.php?rest_route=\/wp\/v2\/product"}],"about":[{"href":"https:\/\/zonemobilectro.com\/index.php?rest_route=\/wp\/v2\/types\/product"}],"replies":[{"embeddable":true,"href":"https:\/\/zonemobilectro.com\/index.php?rest_route=%2Fwp%2Fv2%2Fcomments&post=2621"}],"version-history":[{"count":1,"href":"https:\/\/zonemobilectro.com\/index.php?rest_route=\/wp\/v2\/product\/2621\/revisions"}],"predecessor-version":[{"id":2623,"href":"https:\/\/zonemobilectro.com\/index.php?rest_route=\/wp\/v2\/product\/2621\/revisions\/2623"}],"wp:featuredmedia":[{"embeddable":true,"href":"https:\/\/zonemobilectro.com\/index.php?rest_route=\/wp\/v2\/media\/2622"}],"wp:attachment":[{"href":"https:\/\/zonemobilectro.com\/index.php?rest_route=%2Fwp%2Fv2%2Fmedia&parent=2621"}],"wp:term":[{"taxonomy":"product_brand","embeddable":true,"href":"https:\/\/zonemobilectro.com\/index.php?rest_route=%2Fwp%2Fv2%2Fproduct_brand&post=2621"},{"taxonomy":"product_cat","embeddable":true,"href":"https:\/\/zonemobilectro.com\/index.php?rest_route=%2Fwp%2Fv2%2Fproduct_cat&post=2621"},{"taxonomy":"product_tag","embeddable":true,"href":"https:\/\/zonemobilectro.com\/index.php?rest_route=%2Fwp%2Fv2%2Fproduct_tag&post=2621"}],"curies":[{"name":"wp","href":"https:\/\/api.w.org\/{rel}","templated":true}]}}