{"id":2624,"date":"2026-04-16T19:34:54","date_gmt":"2026-04-16T17:34:54","guid":{"rendered":"https:\/\/zonemobilectro.com\/?post_type=product&#038;p=2624"},"modified":"2026-04-16T19:34:54","modified_gmt":"2026-04-16T17:34:54","slug":"television-lg-32-pouces-led","status":"publish","type":"product","link":"https:\/\/zonemobilectro.com\/?product=television-lg-32-pouces-led","title":{"rendered":"T\u00e9l\u00e9vision LG 32 pouces Led"},"content":{"rendered":"<div>La TV LED 32 pouces est id\u00e9ale pour profiter de vos films, s\u00e9ries et cha\u00eenes pr\u00e9f\u00e9r\u00e9es avec une bonne qualit\u00e9 d\u2019image et un format compact. Parfaite pour le salon, la chambre ou les petits espaces, elle offre un affichage clair et des couleurs \u00e9quilibr\u00e9es.<\/div>\n<div>Gr\u00e2ce \u00e0 sa technologie LED, elle consomme peu d\u2019\u00e9nergie tout en garantissant une bonne luminosit\u00e9. \u00c9quip\u00e9e de plusieurs ports (HDMI, USB), elle permet de connecter facilement vos appareils (d\u00e9codeur, cl\u00e9 USB, console\u2026).<\/div>\n<div><\/div>\n<div>Caract\u00e9ristiques :<\/div>\n<div>\u2022\u00c9cran : 32 pouces<\/div>\n<div>\u2022Technologie : LED<\/div>\n<div>\u2022R\u00e9solution : HD<\/div>\n<div>\u2022Ports : HDMI, USB<\/div>\n<div>\u2022Faible consommation d\u2019\u00e9nergie<\/div>\n<div>\u2022Design compact et moderne<\/div>\n<div>Un excellent choix pour un divertissement simple, accessible et efficace au quotidien.<\/div>\n","protected":false},"excerpt":{"rendered":"<p>La TV LED 32 pouces est id\u00e9ale pour profiter de vos films, s\u00e9ries et cha\u00eenes pr\u00e9f\u00e9r\u00e9es avec une bonne qualit\u00e9 d\u2019image et un format compact. Parfaite pour le salon, la chambre ou les petits espaces, elle offre un affichage clair et des couleurs \u00e9quilibr\u00e9es. Gr\u00e2ce \u00e0 sa technologie LED, elle consomme peu d\u2019\u00e9nergie tout en [&hellip;]<\/p>\n","protected":false},"featured_media":2625,"comment_status":"open","ping_status":"closed","template":"","meta":{"site-sidebar-layout":"default","site-content-layout":"","ast-site-content-layout":"default","site-content-style":"default","site-sidebar-style":"default","ast-global-header-display":"","ast-banner-title-visibility":"","ast-main-header-display":"","ast-hfb-above-header-display":"","ast-hfb-below-header-display":"","ast-hfb-mobile-header-display":"","site-post-title":"","ast-breadcrumbs-content":"","ast-featured-img":"","footer-sml-layout":"","ast-disable-related-posts":"","theme-transparent-header-meta":"default","adv-header-id-meta":"","stick-header-meta":"","header-above-stick-meta":"","header-main-stick-meta":"","header-below-stick-meta":"","astra-migrate-meta-layouts":"set","ast-page-background-enabled":"default","ast-page-background-meta":{"desktop":{"background-color":"","background-image":"","background-repeat":"repeat","background-position":"center center","background-size":"auto","background-attachment":"scroll","background-type":"","background-media":"","overlay-type":"","overlay-color":"","overlay-opacity":"","overlay-gradient":""},"tablet":{"background-color":"","background-image":"","background-repeat":"repeat","background-position":"center center","background-size":"auto","background-attachment":"scroll","background-type":"","background-media":"","overlay-type":"","overlay-color":"","overlay-opacity":"","overlay-gradient":""},"mobile":{"background-color":"","background-image":"","background-repeat":"repeat","background-position":"center center","background-size":"auto","background-attachment":"scroll","background-type":"","background-media":"","overlay-type":"","overlay-color":"","overlay-opacity":"","overlay-gradient":""}},"ast-content-background-meta":{"desktop":{"background-color":"var(--ast-global-color-5)","background-image":"","background-repeat":"repeat","background-position":"center center","background-size":"auto","background-attachment":"scroll","background-type":"","background-media":"","overlay-type":"","overlay-color":"","overlay-opacity":"","overlay-gradient":""},"tablet":{"background-color":"var(--ast-global-color-5)","background-image":"","background-repeat":"repeat","background-position":"center center","background-size":"auto","background-attachment":"scroll","background-type":"","background-media":"","overlay-type":"","overlay-color":"","overlay-opacity":"","overlay-gradient":""},"mobile":{"background-color":"var(--ast-global-color-5)","background-image":"","background-repeat":"repeat","background-position":"center center","background-size":"auto","background-attachment":"scroll","background-type":"","background-media":"","overlay-type":"","overlay-color":"","overlay-opacity":"","overlay-gradient":""}}},"product_brand":[42],"product_cat":[43],"product_tag":[],"class_list":{"0":"post-2624","1":"product","2":"type-product","3":"status-publish","4":"has-post-thumbnail","6":"product_brand-lg","7":"product_cat-television","8":"desktop-align-left","9":"tablet-align-left","10":"mobile-align-left","12":"first","13":"instock","14":"sale","15":"shipping-taxable","16":"purchasable","17":"product-type-simple"},"_links":{"self":[{"href":"https:\/\/zonemobilectro.com\/index.php?rest_route=\/wp\/v2\/product\/2624","targetHints":{"allow":["GET"]}}],"collection":[{"href":"https:\/\/zonemobilectro.com\/index.php?rest_route=\/wp\/v2\/product"}],"about":[{"href":"https:\/\/zonemobilectro.com\/index.php?rest_route=\/wp\/v2\/types\/product"}],"replies":[{"embeddable":true,"href":"https:\/\/zonemobilectro.com\/index.php?rest_route=%2Fwp%2Fv2%2Fcomments&post=2624"}],"version-history":[{"count":1,"href":"https:\/\/zonemobilectro.com\/index.php?rest_route=\/wp\/v2\/product\/2624\/revisions"}],"predecessor-version":[{"id":2626,"href":"https:\/\/zonemobilectro.com\/index.php?rest_route=\/wp\/v2\/product\/2624\/revisions\/2626"}],"wp:featuredmedia":[{"embeddable":true,"href":"https:\/\/zonemobilectro.com\/index.php?rest_route=\/wp\/v2\/media\/2625"}],"wp:attachment":[{"href":"https:\/\/zonemobilectro.com\/index.php?rest_route=%2Fwp%2Fv2%2Fmedia&parent=2624"}],"wp:term":[{"taxonomy":"product_brand","embeddable":true,"href":"https:\/\/zonemobilectro.com\/index.php?rest_route=%2Fwp%2Fv2%2Fproduct_brand&post=2624"},{"taxonomy":"product_cat","embeddable":true,"href":"https:\/\/zonemobilectro.com\/index.php?rest_route=%2Fwp%2Fv2%2Fproduct_cat&post=2624"},{"taxonomy":"product_tag","embeddable":true,"href":"https:\/\/zonemobilectro.com\/index.php?rest_route=%2Fwp%2Fv2%2Fproduct_tag&post=2624"}],"curies":[{"name":"wp","href":"https:\/\/api.w.org\/{rel}","templated":true}]}}