{"id":2643,"date":"2026-04-19T17:44:54","date_gmt":"2026-04-19T15:44:54","guid":{"rendered":"https:\/\/zonemobilectro.com\/?post_type=product&#038;p=2643"},"modified":"2026-04-19T17:44:54","modified_gmt":"2026-04-19T15:44:54","slug":"television-lg-65-pouces-smart","status":"publish","type":"product","link":"https:\/\/zonemobilectro.com\/?product=television-lg-65-pouces-smart","title":{"rendered":"T\u00e9l\u00e9vision LG 65 pouces smart"},"content":{"rendered":"<p>La Android TV Smart -5 pouces vous offre une exp\u00e9rience de divertissement compl\u00e8te avec une image de qualit\u00e9 et un acc\u00e8s direct \u00e0 vos applications pr\u00e9f\u00e9r\u00e9es. Profitez de Netflix, YouTube et bien plus gr\u00e2ce au syst\u00e8me Android int\u00e9gr\u00e9.<br \/>\nAvec son grand \u00e9cran de 65 pouces et sa r\u00e9solution Full HD, elle garantit des images nettes et immersives. Sa connectivit\u00e9 Wi-Fi et ses ports HDMI\/USB permettent de connecter facilement tous vos appareils.<br \/>\nCaract\u00e9ristiques :<br \/>\n\u2022 \u00c9cran : 65 pouces<br \/>\n\u2022 Smart TV (Android int\u00e9gr\u00e9)<br \/>\n\u2022 R\u00e9solution : Full HD<br \/>\n\u2022 Wi-Fi int\u00e9gr\u00e9<br \/>\n\u2022 Applications : Netflix, YouTube, etc.<br \/>\n\u2022 Ports : HDMI, USB<br \/>\n\u2022 Design moderne<br \/>\nId\u00e9ale pour transformer votre salon en v\u00e9ritable espace de divertissement connect\u00e9.<\/p>\n","protected":false},"excerpt":{"rendered":"<p>La Android TV Smart -5 pouces vous offre une exp\u00e9rience de divertissement compl\u00e8te avec une image de qualit\u00e9 et un acc\u00e8s direct \u00e0 vos applications pr\u00e9f\u00e9r\u00e9es. Profitez de Netflix, YouTube et bien plus gr\u00e2ce au syst\u00e8me Android int\u00e9gr\u00e9. Avec son grand \u00e9cran de 65 pouces et sa r\u00e9solution Full HD, elle garantit des images nettes [&hellip;]<\/p>\n","protected":false},"featured_media":2637,"comment_status":"open","ping_status":"closed","template":"","meta":{"site-sidebar-layout":"default","site-content-layout":"","ast-site-content-layout":"default","site-content-style":"default","site-sidebar-style":"default","ast-global-header-display":"","ast-banner-title-visibility":"","ast-main-header-display":"","ast-hfb-above-header-display":"","ast-hfb-below-header-display":"","ast-hfb-mobile-header-display":"","site-post-title":"","ast-breadcrumbs-content":"","ast-featured-img":"","footer-sml-layout":"","ast-disable-related-posts":"","theme-transparent-header-meta":"default","adv-header-id-meta":"","stick-header-meta":"","header-above-stick-meta":"","header-main-stick-meta":"","header-below-stick-meta":"","astra-migrate-meta-layouts":"set","ast-page-background-enabled":"default","ast-page-background-meta":{"desktop":{"background-color":"","background-image":"","background-repeat":"repeat","background-position":"center center","background-size":"auto","background-attachment":"scroll","background-type":"","background-media":"","overlay-type":"","overlay-color":"","overlay-opacity":"","overlay-gradient":""},"tablet":{"background-color":"","background-image":"","background-repeat":"repeat","background-position":"center center","background-size":"auto","background-attachment":"scroll","background-type":"","background-media":"","overlay-type":"","overlay-color":"","overlay-opacity":"","overlay-gradient":""},"mobile":{"background-color":"","background-image":"","background-repeat":"repeat","background-position":"center center","background-size":"auto","background-attachment":"scroll","background-type":"","background-media":"","overlay-type":"","overlay-color":"","overlay-opacity":"","overlay-gradient":""}},"ast-content-background-meta":{"desktop":{"background-color":"var(--ast-global-color-5)","background-image":"","background-repeat":"repeat","background-position":"center center","background-size":"auto","background-attachment":"scroll","background-type":"","background-media":"","overlay-type":"","overlay-color":"","overlay-opacity":"","overlay-gradient":""},"tablet":{"background-color":"var(--ast-global-color-5)","background-image":"","background-repeat":"repeat","background-position":"center center","background-size":"auto","background-attachment":"scroll","background-type":"","background-media":"","overlay-type":"","overlay-color":"","overlay-opacity":"","overlay-gradient":""},"mobile":{"background-color":"var(--ast-global-color-5)","background-image":"","background-repeat":"repeat","background-position":"center center","background-size":"auto","background-attachment":"scroll","background-type":"","background-media":"","overlay-type":"","overlay-color":"","overlay-opacity":"","overlay-gradient":""}}},"product_brand":[42],"product_cat":[43],"product_tag":[],"class_list":{"0":"post-2643","1":"product","2":"type-product","3":"status-publish","4":"has-post-thumbnail","6":"product_brand-lg","7":"product_cat-television","8":"desktop-align-left","9":"tablet-align-left","10":"mobile-align-left","12":"first","13":"instock","14":"shipping-taxable","15":"purchasable","16":"product-type-simple"},"_links":{"self":[{"href":"https:\/\/zonemobilectro.com\/index.php?rest_route=\/wp\/v2\/product\/2643","targetHints":{"allow":["GET"]}}],"collection":[{"href":"https:\/\/zonemobilectro.com\/index.php?rest_route=\/wp\/v2\/product"}],"about":[{"href":"https:\/\/zonemobilectro.com\/index.php?rest_route=\/wp\/v2\/types\/product"}],"replies":[{"embeddable":true,"href":"https:\/\/zonemobilectro.com\/index.php?rest_route=%2Fwp%2Fv2%2Fcomments&post=2643"}],"version-history":[{"count":1,"href":"https:\/\/zonemobilectro.com\/index.php?rest_route=\/wp\/v2\/product\/2643\/revisions"}],"predecessor-version":[{"id":2644,"href":"https:\/\/zonemobilectro.com\/index.php?rest_route=\/wp\/v2\/product\/2643\/revisions\/2644"}],"wp:featuredmedia":[{"embeddable":true,"href":"https:\/\/zonemobilectro.com\/index.php?rest_route=\/wp\/v2\/media\/2637"}],"wp:attachment":[{"href":"https:\/\/zonemobilectro.com\/index.php?rest_route=%2Fwp%2Fv2%2Fmedia&parent=2643"}],"wp:term":[{"taxonomy":"product_brand","embeddable":true,"href":"https:\/\/zonemobilectro.com\/index.php?rest_route=%2Fwp%2Fv2%2Fproduct_brand&post=2643"},{"taxonomy":"product_cat","embeddable":true,"href":"https:\/\/zonemobilectro.com\/index.php?rest_route=%2Fwp%2Fv2%2Fproduct_cat&post=2643"},{"taxonomy":"product_tag","embeddable":true,"href":"https:\/\/zonemobilectro.com\/index.php?rest_route=%2Fwp%2Fv2%2Fproduct_tag&post=2643"}],"curies":[{"name":"wp","href":"https:\/\/api.w.org\/{rel}","templated":true}]}}