{"id":2671,"date":"2026-04-20T11:24:03","date_gmt":"2026-04-20T09:24:03","guid":{"rendered":"https:\/\/zonemobilectro.com\/?post_type=product&#038;p=2671"},"modified":"2026-04-20T11:24:03","modified_gmt":"2026-04-20T09:24:03","slug":"blender-binatone-555","status":"publish","type":"product","link":"https:\/\/zonemobilectro.com\/?product=blender-binatone-555","title":{"rendered":"BLENDER BINATONE 555"},"content":{"rendered":"<p>Le Binatone BLG-555 est un blender puissant et durable, id\u00e9al pour une utilisation quotidienne en cuisine. Avec sa puissance d\u2019environ 600 W et son bol incassable de 1,5L, il permet de pr\u00e9parer facilement jus, smoothies, sauces et bien plus encore.<\/p>\n<p>\u00c9quip\u00e9 de lames en acier inoxydable et d\u2019un moulin int\u00e9gr\u00e9, il broie efficacement caf\u00e9, \u00e9pices, noix et autres ingr\u00e9dients. Ses 2 vitesses + fonction pulse, ainsi que son syst\u00e8me de s\u00e9curit\u00e9, garantissent une utilisation simple, rapide et fiable.<\/p>\n<p>Caract\u00e9ristiques :<\/p>\n<ul>\n<li>Puissance : 600W<\/li>\n<li>Capacit\u00e9 : 1,5L (bol incassable)<\/li>\n<li>2 vitesses + fonction pulse<\/li>\n<li>Lames en acier inoxydable<\/li>\n<li>Moulin int\u00e9gr\u00e9<\/li>\n<li>Couvercle anti-\u00e9claboussures<\/li>\n<li>Syst\u00e8me de verrouillage s\u00e9curis\u00e9<\/li>\n<\/ul>\n<p>Un blender robuste et performant pour toutes vos pr\u00e9parations au quotidien.<\/p>\n","protected":false},"excerpt":{"rendered":"<p>Le Binatone BLG-555 est un blender puissant et durable, id\u00e9al pour une utilisation quotidienne en cuisine. Avec sa puissance d\u2019environ 600 W et son bol incassable de 1,5L, il permet de pr\u00e9parer facilement jus, smoothies, sauces et bien plus encore. \u00c9quip\u00e9 de lames en acier inoxydable et d\u2019un moulin int\u00e9gr\u00e9, il broie efficacement caf\u00e9, \u00e9pices, [&hellip;]<\/p>\n","protected":false},"featured_media":2653,"comment_status":"open","ping_status":"closed","template":"","meta":{"site-sidebar-layout":"default","site-content-layout":"","ast-site-content-layout":"default","site-content-style":"default","site-sidebar-style":"default","ast-global-header-display":"","ast-banner-title-visibility":"","ast-main-header-display":"","ast-hfb-above-header-display":"","ast-hfb-below-header-display":"","ast-hfb-mobile-header-display":"","site-post-title":"","ast-breadcrumbs-content":"","ast-featured-img":"","footer-sml-layout":"","ast-disable-related-posts":"","theme-transparent-header-meta":"default","adv-header-id-meta":"","stick-header-meta":"","header-above-stick-meta":"","header-main-stick-meta":"","header-below-stick-meta":"","astra-migrate-meta-layouts":"set","ast-page-background-enabled":"default","ast-page-background-meta":{"desktop":{"background-color":"","background-image":"","background-repeat":"repeat","background-position":"center center","background-size":"auto","background-attachment":"scroll","background-type":"","background-media":"","overlay-type":"","overlay-color":"","overlay-opacity":"","overlay-gradient":""},"tablet":{"background-color":"","background-image":"","background-repeat":"repeat","background-position":"center center","background-size":"auto","background-attachment":"scroll","background-type":"","background-media":"","overlay-type":"","overlay-color":"","overlay-opacity":"","overlay-gradient":""},"mobile":{"background-color":"","background-image":"","background-repeat":"repeat","background-position":"center center","background-size":"auto","background-attachment":"scroll","background-type":"","background-media":"","overlay-type":"","overlay-color":"","overlay-opacity":"","overlay-gradient":""}},"ast-content-background-meta":{"desktop":{"background-color":"var(--ast-global-color-5)","background-image":"","background-repeat":"repeat","background-position":"center center","background-size":"auto","background-attachment":"scroll","background-type":"","background-media":"","overlay-type":"","overlay-color":"","overlay-opacity":"","overlay-gradient":""},"tablet":{"background-color":"var(--ast-global-color-5)","background-image":"","background-repeat":"repeat","background-position":"center center","background-size":"auto","background-attachment":"scroll","background-type":"","background-media":"","overlay-type":"","overlay-color":"","overlay-opacity":"","overlay-gradient":""},"mobile":{"background-color":"var(--ast-global-color-5)","background-image":"","background-repeat":"repeat","background-position":"center center","background-size":"auto","background-attachment":"scroll","background-type":"","background-media":"","overlay-type":"","overlay-color":"","overlay-opacity":"","overlay-gradient":""}}},"product_brand":[42],"product_cat":[39],"product_tag":[],"class_list":{"0":"post-2671","1":"product","2":"type-product","3":"status-publish","4":"has-post-thumbnail","6":"product_brand-lg","7":"product_cat-petits-electromenagers","8":"desktop-align-left","9":"tablet-align-left","10":"mobile-align-left","12":"first","13":"instock","14":"shipping-taxable","15":"purchasable","16":"product-type-simple"},"_links":{"self":[{"href":"https:\/\/zonemobilectro.com\/index.php?rest_route=\/wp\/v2\/product\/2671","targetHints":{"allow":["GET"]}}],"collection":[{"href":"https:\/\/zonemobilectro.com\/index.php?rest_route=\/wp\/v2\/product"}],"about":[{"href":"https:\/\/zonemobilectro.com\/index.php?rest_route=\/wp\/v2\/types\/product"}],"replies":[{"embeddable":true,"href":"https:\/\/zonemobilectro.com\/index.php?rest_route=%2Fwp%2Fv2%2Fcomments&post=2671"}],"version-history":[{"count":1,"href":"https:\/\/zonemobilectro.com\/index.php?rest_route=\/wp\/v2\/product\/2671\/revisions"}],"predecessor-version":[{"id":2672,"href":"https:\/\/zonemobilectro.com\/index.php?rest_route=\/wp\/v2\/product\/2671\/revisions\/2672"}],"wp:featuredmedia":[{"embeddable":true,"href":"https:\/\/zonemobilectro.com\/index.php?rest_route=\/wp\/v2\/media\/2653"}],"wp:attachment":[{"href":"https:\/\/zonemobilectro.com\/index.php?rest_route=%2Fwp%2Fv2%2Fmedia&parent=2671"}],"wp:term":[{"taxonomy":"product_brand","embeddable":true,"href":"https:\/\/zonemobilectro.com\/index.php?rest_route=%2Fwp%2Fv2%2Fproduct_brand&post=2671"},{"taxonomy":"product_cat","embeddable":true,"href":"https:\/\/zonemobilectro.com\/index.php?rest_route=%2Fwp%2Fv2%2Fproduct_cat&post=2671"},{"taxonomy":"product_tag","embeddable":true,"href":"https:\/\/zonemobilectro.com\/index.php?rest_route=%2Fwp%2Fv2%2Fproduct_tag&post=2671"}],"curies":[{"name":"wp","href":"https:\/\/api.w.org\/{rel}","templated":true}]}}