{"id":2682,"date":"2026-04-20T11:52:35","date_gmt":"2026-04-20T09:52:35","guid":{"rendered":"https:\/\/zonemobilectro.com\/?post_type=product&#038;p=2682"},"modified":"2026-04-20T11:52:35","modified_gmt":"2026-04-20T09:52:35","slug":"grinder-binatone-kc6000","status":"publish","type":"product","link":"https:\/\/zonemobilectro.com\/?product=grinder-binatone-kc6000","title":{"rendered":"GRINDER BINATONE KC6000"},"content":{"rendered":"<p>Le\u00a0Binatone KC-6000\u00a0est un appareil puissant et polyvalent con\u00e7u pour faciliter vos pr\u00e9parations en cuisine africaine. Avec son moteur de 1000W et sa grande capacit\u00e9 de 6L, il permet de piler l\u2019igname, pr\u00e9parer du foufou, hacher la viande ou moudre les grains en toute simplicit\u00e9.<\/p>\n<p>\u00c9quip\u00e9 de lames quadruples en acier inoxydable et d\u2019un syst\u00e8me \u00e0 2 vitesses, il garantit des r\u00e9sultats rapides, homog\u00e8nes et sans effort. Sa conception robuste en acier inoxydable, associ\u00e9e \u00e0 des pieds antid\u00e9rapants et une protection contre la surchauffe, assure une utilisation s\u00fbre et durable.<\/p>\n<p>Caract\u00e9ristiques :<\/p>\n<ul>\n<li>Puissance : 1000W<\/li>\n<li>Capacit\u00e9 : 6 Litres<\/li>\n<li>Lames quadruples en acier inoxydable<\/li>\n<li>2 vitesses<\/li>\n<li>Fonction : piler, mixer, hacher, broyer<\/li>\n<li>Bol en acier inoxydable<\/li>\n<li>Protection contre la surchauffe<\/li>\n<li>Pieds antid\u00e9rapants<\/li>\n<\/ul>\n<p>Id\u00e9al pour pr\u00e9parer facilement vos plats africains (igname pil\u00e9e, foufou, etc.) avec rapidit\u00e9 et efficacit\u00e9.<\/p>\n","protected":false},"excerpt":{"rendered":"<p>Le\u00a0Binatone KC-6000\u00a0est un appareil puissant et polyvalent con\u00e7u pour faciliter vos pr\u00e9parations en cuisine africaine. Avec son moteur de 1000W et sa grande capacit\u00e9 de 6L, il permet de piler l\u2019igname, pr\u00e9parer du foufou, hacher la viande ou moudre les grains en toute simplicit\u00e9. \u00c9quip\u00e9 de lames quadruples en acier inoxydable et d\u2019un syst\u00e8me \u00e0 [&hellip;]<\/p>\n","protected":false},"featured_media":2683,"comment_status":"open","ping_status":"closed","template":"","meta":{"site-sidebar-layout":"default","site-content-layout":"","ast-site-content-layout":"default","site-content-style":"default","site-sidebar-style":"default","ast-global-header-display":"","ast-banner-title-visibility":"","ast-main-header-display":"","ast-hfb-above-header-display":"","ast-hfb-below-header-display":"","ast-hfb-mobile-header-display":"","site-post-title":"","ast-breadcrumbs-content":"","ast-featured-img":"","footer-sml-layout":"","ast-disable-related-posts":"","theme-transparent-header-meta":"default","adv-header-id-meta":"","stick-header-meta":"","header-above-stick-meta":"","header-main-stick-meta":"","header-below-stick-meta":"","astra-migrate-meta-layouts":"set","ast-page-background-enabled":"default","ast-page-background-meta":{"desktop":{"background-color":"","background-image":"","background-repeat":"repeat","background-position":"center center","background-size":"auto","background-attachment":"scroll","background-type":"","background-media":"","overlay-type":"","overlay-color":"","overlay-opacity":"","overlay-gradient":""},"tablet":{"background-color":"","background-image":"","background-repeat":"repeat","background-position":"center center","background-size":"auto","background-attachment":"scroll","background-type":"","background-media":"","overlay-type":"","overlay-color":"","overlay-opacity":"","overlay-gradient":""},"mobile":{"background-color":"","background-image":"","background-repeat":"repeat","background-position":"center center","background-size":"auto","background-attachment":"scroll","background-type":"","background-media":"","overlay-type":"","overlay-color":"","overlay-opacity":"","overlay-gradient":""}},"ast-content-background-meta":{"desktop":{"background-color":"var(--ast-global-color-5)","background-image":"","background-repeat":"repeat","background-position":"center center","background-size":"auto","background-attachment":"scroll","background-type":"","background-media":"","overlay-type":"","overlay-color":"","overlay-opacity":"","overlay-gradient":""},"tablet":{"background-color":"var(--ast-global-color-5)","background-image":"","background-repeat":"repeat","background-position":"center center","background-size":"auto","background-attachment":"scroll","background-type":"","background-media":"","overlay-type":"","overlay-color":"","overlay-opacity":"","overlay-gradient":""},"mobile":{"background-color":"var(--ast-global-color-5)","background-image":"","background-repeat":"repeat","background-position":"center center","background-size":"auto","background-attachment":"scroll","background-type":"","background-media":"","overlay-type":"","overlay-color":"","overlay-opacity":"","overlay-gradient":""}}},"product_brand":[40],"product_cat":[39],"product_tag":[],"class_list":{"0":"post-2682","1":"product","2":"type-product","3":"status-publish","4":"has-post-thumbnail","6":"product_brand-binatone","7":"product_cat-petits-electromenagers","8":"desktop-align-left","9":"tablet-align-left","10":"mobile-align-left","12":"first","13":"instock","14":"shipping-taxable","15":"purchasable","16":"product-type-simple"},"_links":{"self":[{"href":"https:\/\/zonemobilectro.com\/index.php?rest_route=\/wp\/v2\/product\/2682","targetHints":{"allow":["GET"]}}],"collection":[{"href":"https:\/\/zonemobilectro.com\/index.php?rest_route=\/wp\/v2\/product"}],"about":[{"href":"https:\/\/zonemobilectro.com\/index.php?rest_route=\/wp\/v2\/types\/product"}],"replies":[{"embeddable":true,"href":"https:\/\/zonemobilectro.com\/index.php?rest_route=%2Fwp%2Fv2%2Fcomments&post=2682"}],"version-history":[{"count":1,"href":"https:\/\/zonemobilectro.com\/index.php?rest_route=\/wp\/v2\/product\/2682\/revisions"}],"predecessor-version":[{"id":2684,"href":"https:\/\/zonemobilectro.com\/index.php?rest_route=\/wp\/v2\/product\/2682\/revisions\/2684"}],"wp:featuredmedia":[{"embeddable":true,"href":"https:\/\/zonemobilectro.com\/index.php?rest_route=\/wp\/v2\/media\/2683"}],"wp:attachment":[{"href":"https:\/\/zonemobilectro.com\/index.php?rest_route=%2Fwp%2Fv2%2Fmedia&parent=2682"}],"wp:term":[{"taxonomy":"product_brand","embeddable":true,"href":"https:\/\/zonemobilectro.com\/index.php?rest_route=%2Fwp%2Fv2%2Fproduct_brand&post=2682"},{"taxonomy":"product_cat","embeddable":true,"href":"https:\/\/zonemobilectro.com\/index.php?rest_route=%2Fwp%2Fv2%2Fproduct_cat&post=2682"},{"taxonomy":"product_tag","embeddable":true,"href":"https:\/\/zonemobilectro.com\/index.php?rest_route=%2Fwp%2Fv2%2Fproduct_tag&post=2682"}],"curies":[{"name":"wp","href":"https:\/\/api.w.org\/{rel}","templated":true}]}}